{"id":71,"date":"2020-10-08T10:38:19","date_gmt":"2020-10-08T08:38:19","guid":{"rendered":"https:\/\/v2202009128816127865.supersrv.de\/wordpress\/wordpress\/?page_id=71"},"modified":"2020-10-12T20:43:31","modified_gmt":"2020-10-12T18:43:31","slug":"vita","status":"publish","type":"page","link":"https:\/\/www.waltraud-danzig.de\/index.php\/vita\/","title":{"rendered":"Vita"},"content":{"rendered":"\n<div class=\"wp-block-image\"><figure class=\"aligncenter size-large is-resized\"><img loading=\"lazy\" decoding=\"async\" src=\"https:\/\/v2202009128816127865.supersrv.de\/wordpress\/wordpress\/wp-content\/uploads\/2020\/10\/portrait-770x1024.jpg\" alt=\"\" class=\"wp-image-106\" width=\"323\" height=\"429\" srcset=\"https:\/\/www.waltraud-danzig.de\/wp-content\/uploads\/2020\/10\/portrait-770x1024.jpg 770w, https:\/\/www.waltraud-danzig.de\/wp-content\/uploads\/2020\/10\/portrait-226x300.jpg 226w, https:\/\/www.waltraud-danzig.de\/wp-content\/uploads\/2020\/10\/portrait-768x1021.jpg 768w, https:\/\/www.waltraud-danzig.de\/wp-content\/uploads\/2020\/10\/portrait-1155x1536.jpg 1155w, https:\/\/www.waltraud-danzig.de\/wp-content\/uploads\/2020\/10\/portrait-1541x2048.jpg 1541w, https:\/\/www.waltraud-danzig.de\/wp-content\/uploads\/2020\/10\/portrait.jpg 1582w\" sizes=\"auto, (max-width: 323px) 100vw, 323px\" \/><\/figure><\/div>\n\n\n\n<p><\/p>\n\n\n\n<p><\/p>\n\n\n\n<p class=\"has-text-align-left\"><strong>1945<\/strong> geboren in Pfarrkirchen\/Niederbayern <\/p>\n\n\n\n<p><strong>seit 1977<\/strong> Besch\u00e4ftigung mit keramischer Plastik <\/p>\n\n\n\n<p><strong>1987<\/strong> Intern. Sommerakademie f\u00fcr Bildende Kunst Salzburg bei Prof. Radovani <\/p>\n\n\n\n<p><strong>seit 1993<\/strong> Drucken mit Erden auf Papier <\/p>\n\n\n\n<p><strong>seit 1994<\/strong> Lithographie <\/p>\n\n\n\n<p><strong>1995-2004<\/strong> Vorstandsmitglied im Berufsverband Bildender K\u00fcnstler Niederbayern e.V <\/p>\n\n\n\n<p><strong>seit 1995<\/strong> aktives Mitglied der Produzentengalerie Passau <\/p>\n\n\n\n<p><strong>seit 1996<\/strong> Arbeit mit Kindern und Jugendlichen und Kursleitung in der Erwachsenen- und Lehrerfortbildung im Bereich Lithographie <\/p>\n\n\n\n<p><strong>1996<\/strong> Stipendium Grafiksymposium in Pilsen (CZ) <\/p>\n\n\n\n<p><strong>1998<\/strong> Stipendium Ziegel-und Kalkmuseum Flintsbach <\/p>\n\n\n\n<p><strong>1998<\/strong> Stipendium Seminario de Sargadelos in Sada-A Coru\u00f1a (E)<\/p>\n\n\n\n<p><strong>1999<\/strong> Arbeitsaufenthalt in Japan<\/p>\n\n\n\n<p><strong>2004<\/strong> &#8222;artist in residence&#8220; in Winnipeg (CA), Manitoba Printmakers Association <\/p>\n\n\n\n<p><strong>2004<\/strong> Kulturpreis des Landkreises Passau <\/p>\n\n\n\n<p><strong>2010<\/strong> Donau &#8211; Alpe &#8211; Adria, Symposium in der Fabbrica Saccardo, Schio (I)<\/p>\n\n\n\n<p><strong>2011\/2012<\/strong> SALVE PRACHATICE, Symposium in Prachatice (CZ) <\/p>\n\n\n\n<p><strong>2013<\/strong> Mitglied der Neuen Gruppe M\u00fcnchen <\/p>\n\n\n\n<p><strong>2013<\/strong> K\u00fcnstleraustausch Passau-Malaga (E) <\/p>\n\n\n\n<p>Einzelausstellungen und Ausstellungsbeteiligungen in Deutschland, \u00d6sterreich, Frankreich, Spanien, Tschechische Republik, Slowakei, Ungarn, Niederlande, Japan, Kanada, Schweden. <\/p>\n\n\n\n<p>\u00d6ffentliche und private Ank\u00e4ufe, Kunst im \u00f6ffentlichen Raum<\/p>\n","protected":false},"excerpt":{"rendered":"<p>1945 geboren in Pfarrkirchen\/Niederbayern seit 1977 Besch\u00e4ftigung mit keramischer Plastik 1987 Intern. Sommerakademie f\u00fcr Bildende Kunst Salzburg bei Prof. Radovani seit 1993 Drucken mit Erden auf Papier seit 1994 Lithographie 1995-2004 Vorstandsmitglied im Berufsverband Bildender K\u00fcnstler Niederbayern e.V seit 1995 aktives Mitglied der Produzentengalerie Passau seit 1996 Arbeit mit Kindern und Jugendlichen und Kursleitung in &hellip; <\/p>\n<p class=\"link-more\"><a href=\"https:\/\/www.waltraud-danzig.de\/index.php\/vita\/\" class=\"more-link\"><span class=\"screen-reader-text\">\u201eVita\u201c<\/span> weiterlesen<\/a><\/p>\n","protected":false},"author":1,"featured_media":0,"parent":0,"menu_order":0,"comment_status":"closed","ping_status":"closed","template":"","meta":{"ngg_post_thumbnail":0,"footnotes":""},"class_list":["post-71","page","type-page","status-publish","hentry"],"_links":{"self":[{"href":"https:\/\/www.waltraud-danzig.de\/index.php\/wp-json\/wp\/v2\/pages\/71","targetHints":{"allow":["GET"]}}],"collection":[{"href":"https:\/\/www.waltraud-danzig.de\/index.php\/wp-json\/wp\/v2\/pages"}],"about":[{"href":"https:\/\/www.waltraud-danzig.de\/index.php\/wp-json\/wp\/v2\/types\/page"}],"author":[{"embeddable":true,"href":"https:\/\/www.waltraud-danzig.de\/index.php\/wp-json\/wp\/v2\/users\/1"}],"replies":[{"embeddable":true,"href":"https:\/\/www.waltraud-danzig.de\/index.php\/wp-json\/wp\/v2\/comments?post=71"}],"version-history":[{"count":12,"href":"https:\/\/www.waltraud-danzig.de\/index.php\/wp-json\/wp\/v2\/pages\/71\/revisions"}],"predecessor-version":[{"id":411,"href":"https:\/\/www.waltraud-danzig.de\/index.php\/wp-json\/wp\/v2\/pages\/71\/revisions\/411"}],"wp:attachment":[{"href":"https:\/\/www.waltraud-danzig.de\/index.php\/wp-json\/wp\/v2\/media?parent=71"}],"curies":[{"name":"wp","href":"https:\/\/api.w.org\/{rel}","templated":true}]}}