{"id":82,"date":"2020-10-08T11:10:09","date_gmt":"2020-10-08T09:10:09","guid":{"rendered":"https:\/\/v2202009128816127865.supersrv.de\/wordpress\/wordpress\/?page_id=82"},"modified":"2020-10-08T11:10:33","modified_gmt":"2020-10-08T09:10:33","slug":"impressum","status":"publish","type":"page","link":"https:\/\/www.waltraud-danzig.de\/index.php\/impressum\/","title":{"rendered":"Impressum"},"content":{"rendered":"\n<p>Waltraud Danzig<br>Hochholzweg 2<br>94113 Tiefenbach<\/p>\n\n\n\n<p><\/p>\n\n\n\n<p>Trotz sorgf\u00e4ltiger inhaltlicher Kontrolle wird keine Haftung f\u00fcr die Inhalte externer Links \u00fcbernommen. F\u00fcr den Inhalt der verlinkten Seite sind ausschlie\u00dflich deren Betreiber verantwortlich. Das Copyright f\u00fcr alle Texte und Abbildungen innerhalb dieser Webseite liegt bei der Autorin Waltraud Danzig<\/p>\n\n\n\n<p><\/p>\n","protected":false},"excerpt":{"rendered":"<p>Waltraud DanzigHochholzweg 294113 Tiefenbach Trotz sorgf\u00e4ltiger inhaltlicher Kontrolle wird keine Haftung f\u00fcr die Inhalte externer Links \u00fcbernommen. F\u00fcr den Inhalt der verlinkten Seite sind ausschlie\u00dflich deren Betreiber verantwortlich. Das Copyright f\u00fcr alle Texte und Abbildungen innerhalb dieser Webseite liegt bei der Autorin Waltraud Danzig<\/p>\n","protected":false},"author":1,"featured_media":0,"parent":0,"menu_order":0,"comment_status":"closed","ping_status":"closed","template":"","meta":{"ngg_post_thumbnail":0,"footnotes":""},"class_list":["post-82","page","type-page","status-publish","hentry"],"_links":{"self":[{"href":"https:\/\/www.waltraud-danzig.de\/index.php\/wp-json\/wp\/v2\/pages\/82","targetHints":{"allow":["GET"]}}],"collection":[{"href":"https:\/\/www.waltraud-danzig.de\/index.php\/wp-json\/wp\/v2\/pages"}],"about":[{"href":"https:\/\/www.waltraud-danzig.de\/index.php\/wp-json\/wp\/v2\/types\/page"}],"author":[{"embeddable":true,"href":"https:\/\/www.waltraud-danzig.de\/index.php\/wp-json\/wp\/v2\/users\/1"}],"replies":[{"embeddable":true,"href":"https:\/\/www.waltraud-danzig.de\/index.php\/wp-json\/wp\/v2\/comments?post=82"}],"version-history":[{"count":2,"href":"https:\/\/www.waltraud-danzig.de\/index.php\/wp-json\/wp\/v2\/pages\/82\/revisions"}],"predecessor-version":[{"id":84,"href":"https:\/\/www.waltraud-danzig.de\/index.php\/wp-json\/wp\/v2\/pages\/82\/revisions\/84"}],"wp:attachment":[{"href":"https:\/\/www.waltraud-danzig.de\/index.php\/wp-json\/wp\/v2\/media?parent=82"}],"curies":[{"name":"wp","href":"https:\/\/api.w.org\/{rel}","templated":true}]}}